{"id":11668,"date":"2025-01-09T16:16:15","date_gmt":"2025-01-09T16:16:15","guid":{"rendered":"https:\/\/trendymarketz.com\/?post_type=product&#038;p=11668"},"modified":"2025-01-13T09:17:30","modified_gmt":"2025-01-13T09:17:30","slug":"parure-de-lit-en-soie-de-murier-100-naturelle-douceur-et-confort-absolu","status":"publish","type":"product","link":"https:\/\/trendymarketz.com\/en\/product\/parure-de-lit-en-soie-de-murier-100-naturelle-douceur-et-confort-absolu\/","title":{"rendered":"Parure de Lit en Soie de M\u00fbrier 100% Naturelle &#8211; Douceur et Confort Absolu"},"content":{"rendered":"\n","protected":false},"excerpt":{"rendered":"","protected":false},"featured_media":11666,"template":"","meta":{"_acf_changed":false},"product_brand":[],"product_cat":[525],"product_tag":[],"class_list":{"0":"post-11668","1":"product","2":"type-product","3":"status-publish","4":"has-post-thumbnail","6":"product_cat-bien-etre-confort","8":"first","9":"instock","10":"sale","11":"shipping-taxable","12":"purchasable","13":"product-type-variable"},"acf":[],"yoast_head":"<!-- This site is optimized with the Yoast SEO plugin v25.4 - https:\/\/yoast.com\/wordpress\/plugins\/seo\/ -->\n<title>Parure de Lit en Soie de M\u00fbrier 100% Naturelle - Douceur et Confort Absolu - Trendy Marketz<\/title>\n<meta name=\"description\" content=\"D\u00e9couvrez la parure de lit en soie de m\u00fbrier, alliant luxe et confort pour des nuits r\u00e9paratrices. Fabriqu\u00e9e en soie naturelle 100%, elle offre douceur, thermor\u00e9gulation et soin de la peau. Disponible en tailles Double, Queen et King. Offrez-vous le sommeil dont vous r\u00eavez.\" \/>\n<meta name=\"robots\" content=\"index, follow, max-snippet:-1, max-image-preview:large, max-video-preview:-1\" \/>\n<link rel=\"canonical\" href=\"https:\/\/trendymarketz.com\/en\/product\/parure-de-lit-en-soie-de-murier-100-naturelle-douceur-et-confort-absolu\/\" \/>\n<meta property=\"og:locale\" content=\"en_US\" \/>\n<meta property=\"og:type\" content=\"article\" \/>\n<meta property=\"og:title\" content=\"Parure de Lit en Soie de M\u00fbrier 100% Naturelle - Douceur et Confort Absolu - Trendy Marketz\" \/>\n<meta property=\"og:description\" content=\"D\u00e9couvrez la parure de lit en soie de m\u00fbrier, alliant luxe et confort pour des nuits r\u00e9paratrices. Fabriqu\u00e9e en soie naturelle 100%, elle offre douceur, thermor\u00e9gulation et soin de la peau. Disponible en tailles Double, Queen et King. Offrez-vous le sommeil dont vous r\u00eavez.\" \/>\n<meta property=\"og:url\" content=\"https:\/\/trendymarketz.com\/en\/product\/parure-de-lit-en-soie-de-murier-100-naturelle-douceur-et-confort-absolu\/\" \/>\n<meta property=\"og:site_name\" content=\"Trendy Marketz\" \/>\n<meta property=\"article:modified_time\" content=\"2025-01-13T09:17:30+00:00\" \/>\n<meta property=\"og:image\" content=\"https:\/\/trendymarketz.com\/wp-content\/uploads\/2025\/01\/accueil-trendymarketz-copie.webp\" \/>\n\t<meta property=\"og:image:width\" content=\"1680\" \/>\n\t<meta property=\"og:image:height\" content=\"960\" \/>\n\t<meta property=\"og:image:type\" content=\"image\/webp\" \/>\n<meta name=\"twitter:card\" content=\"summary_large_image\" \/>\n<meta name=\"twitter:label1\" content=\"Est. reading time\" \/>\n\t<meta name=\"twitter:data1\" content=\"1 minute\" \/>\n<script type=\"application\/ld+json\" class=\"yoast-schema-graph\">{\"@context\":\"https:\/\/schema.org\",\"@graph\":[{\"@type\":\"WebPage\",\"@id\":\"https:\/\/trendymarketz.com\/en\/product\/parure-de-lit-en-soie-de-murier-100-naturelle-douceur-et-confort-absolu\/\",\"url\":\"https:\/\/trendymarketz.com\/en\/product\/parure-de-lit-en-soie-de-murier-100-naturelle-douceur-et-confort-absolu\/\",\"name\":\"Parure de Lit en Soie de M\u00fbrier 100% Naturelle - Douceur et Confort Absolu - Trendy Marketz\",\"isPartOf\":{\"@id\":\"https:\/\/trendymarketz.com\/en\/#website\"},\"primaryImageOfPage\":{\"@id\":\"https:\/\/trendymarketz.com\/en\/product\/parure-de-lit-en-soie-de-murier-100-naturelle-douceur-et-confort-absolu\/#primaryimage\"},\"image\":{\"@id\":\"https:\/\/trendymarketz.com\/en\/product\/parure-de-lit-en-soie-de-murier-100-naturelle-douceur-et-confort-absolu\/#primaryimage\"},\"thumbnailUrl\":\"https:\/\/trendymarketz.com\/wp-content\/uploads\/2025\/01\/accueil-trendymarketz-copie.webp\",\"datePublished\":\"2025-01-09T16:16:15+00:00\",\"dateModified\":\"2025-01-13T09:17:30+00:00\",\"description\":\"D\u00e9couvrez la parure de lit en soie de m\u00fbrier, alliant luxe et confort pour des nuits r\u00e9paratrices. Fabriqu\u00e9e en soie naturelle 100%, elle offre douceur, thermor\u00e9gulation et soin de la peau. Disponible en tailles Double, Queen et King. Offrez-vous le sommeil dont vous r\u00eavez.\",\"breadcrumb\":{\"@id\":\"https:\/\/trendymarketz.com\/en\/product\/parure-de-lit-en-soie-de-murier-100-naturelle-douceur-et-confort-absolu\/#breadcrumb\"},\"inLanguage\":\"en-US\",\"potentialAction\":[{\"@type\":\"ReadAction\",\"target\":[\"https:\/\/trendymarketz.com\/en\/product\/parure-de-lit-en-soie-de-murier-100-naturelle-douceur-et-confort-absolu\/\"]}]},{\"@type\":\"ImageObject\",\"inLanguage\":\"en-US\",\"@id\":\"https:\/\/trendymarketz.com\/en\/product\/parure-de-lit-en-soie-de-murier-100-naturelle-douceur-et-confort-absolu\/#primaryimage\",\"url\":\"https:\/\/trendymarketz.com\/wp-content\/uploads\/2025\/01\/accueil-trendymarketz-copie.webp\",\"contentUrl\":\"https:\/\/trendymarketz.com\/wp-content\/uploads\/2025\/01\/accueil-trendymarketz-copie.webp\",\"width\":1680,\"height\":960,\"caption\":\"accueil-trendymarketz\"},{\"@type\":\"BreadcrumbList\",\"@id\":\"https:\/\/trendymarketz.com\/en\/product\/parure-de-lit-en-soie-de-murier-100-naturelle-douceur-et-confort-absolu\/#breadcrumb\",\"itemListElement\":[{\"@type\":\"ListItem\",\"position\":1,\"name\":\"Home\",\"item\":\"https:\/\/trendymarketz.com\/en\/\"},{\"@type\":\"ListItem\",\"position\":2,\"name\":\"Shop\",\"item\":\"https:\/\/trendymarketz.com\/boutique\/\"},{\"@type\":\"ListItem\",\"position\":3,\"name\":\"Parure de Lit en Soie de M\u00fbrier 100% Naturelle &#8211; Douceur et Confort Absolu\"}]},{\"@type\":\"WebSite\",\"@id\":\"https:\/\/trendymarketz.com\/en\/#website\",\"url\":\"https:\/\/trendymarketz.com\/en\/\",\"name\":\"Trendy Marketz\",\"description\":\"\",\"publisher\":{\"@id\":\"https:\/\/trendymarketz.com\/en\/#organization\"},\"potentialAction\":[{\"@type\":\"SearchAction\",\"target\":{\"@type\":\"EntryPoint\",\"urlTemplate\":\"https:\/\/trendymarketz.com\/en\/?s={search_term_string}\"},\"query-input\":{\"@type\":\"PropertyValueSpecification\",\"valueRequired\":true,\"valueName\":\"search_term_string\"}}],\"inLanguage\":\"en-US\"},{\"@type\":\"Organization\",\"@id\":\"https:\/\/trendymarketz.com\/en\/#organization\",\"name\":\"Trendy Marketz\",\"url\":\"https:\/\/trendymarketz.com\/en\/\",\"logo\":{\"@type\":\"ImageObject\",\"inLanguage\":\"en-US\",\"@id\":\"https:\/\/trendymarketz.com\/en\/#\/schema\/logo\/image\/\",\"url\":\"https:\/\/trendymarketz.com\/wp-content\/uploads\/2023\/11\/Trendy-marketz-logo-696x696-1.png\",\"contentUrl\":\"https:\/\/trendymarketz.com\/wp-content\/uploads\/2023\/11\/Trendy-marketz-logo-696x696-1.png\",\"width\":696,\"height\":696,\"caption\":\"Trendy Marketz\"},\"image\":{\"@id\":\"https:\/\/trendymarketz.com\/en\/#\/schema\/logo\/image\/\"}}]}<\/script>\n<!-- \/ Yoast SEO plugin. -->","yoast_head_json":{"title":"Parure de Lit en Soie de M\u00fbrier 100% Naturelle - Douceur et Confort Absolu - Trendy Marketz","description":"D\u00e9couvrez la parure de lit en soie de m\u00fbrier, alliant luxe et confort pour des nuits r\u00e9paratrices. Fabriqu\u00e9e en soie naturelle 100%, elle offre douceur, thermor\u00e9gulation et soin de la peau. Disponible en tailles Double, Queen et King. Offrez-vous le sommeil dont vous r\u00eavez.","robots":{"index":"index","follow":"follow","max-snippet":"max-snippet:-1","max-image-preview":"max-image-preview:large","max-video-preview":"max-video-preview:-1"},"canonical":"https:\/\/trendymarketz.com\/en\/product\/parure-de-lit-en-soie-de-murier-100-naturelle-douceur-et-confort-absolu\/","og_locale":"en_US","og_type":"article","og_title":"Parure de Lit en Soie de M\u00fbrier 100% Naturelle - Douceur et Confort Absolu - Trendy Marketz","og_description":"D\u00e9couvrez la parure de lit en soie de m\u00fbrier, alliant luxe et confort pour des nuits r\u00e9paratrices. Fabriqu\u00e9e en soie naturelle 100%, elle offre douceur, thermor\u00e9gulation et soin de la peau. Disponible en tailles Double, Queen et King. Offrez-vous le sommeil dont vous r\u00eavez.","og_url":"https:\/\/trendymarketz.com\/en\/product\/parure-de-lit-en-soie-de-murier-100-naturelle-douceur-et-confort-absolu\/","og_site_name":"Trendy Marketz","article_modified_time":"2025-01-13T09:17:30+00:00","og_image":[{"width":1680,"height":960,"url":"https:\/\/trendymarketz.com\/wp-content\/uploads\/2025\/01\/accueil-trendymarketz-copie.webp","type":"image\/webp"}],"twitter_card":"summary_large_image","twitter_misc":{"Est. reading time":"1 minute"},"schema":{"@context":"https:\/\/schema.org","@graph":[{"@type":"WebPage","@id":"https:\/\/trendymarketz.com\/en\/product\/parure-de-lit-en-soie-de-murier-100-naturelle-douceur-et-confort-absolu\/","url":"https:\/\/trendymarketz.com\/en\/product\/parure-de-lit-en-soie-de-murier-100-naturelle-douceur-et-confort-absolu\/","name":"Parure de Lit en Soie de M\u00fbrier 100% Naturelle - Douceur et Confort Absolu - Trendy Marketz","isPartOf":{"@id":"https:\/\/trendymarketz.com\/en\/#website"},"primaryImageOfPage":{"@id":"https:\/\/trendymarketz.com\/en\/product\/parure-de-lit-en-soie-de-murier-100-naturelle-douceur-et-confort-absolu\/#primaryimage"},"image":{"@id":"https:\/\/trendymarketz.com\/en\/product\/parure-de-lit-en-soie-de-murier-100-naturelle-douceur-et-confort-absolu\/#primaryimage"},"thumbnailUrl":"https:\/\/trendymarketz.com\/wp-content\/uploads\/2025\/01\/accueil-trendymarketz-copie.webp","datePublished":"2025-01-09T16:16:15+00:00","dateModified":"2025-01-13T09:17:30+00:00","description":"D\u00e9couvrez la parure de lit en soie de m\u00fbrier, alliant luxe et confort pour des nuits r\u00e9paratrices. Fabriqu\u00e9e en soie naturelle 100%, elle offre douceur, thermor\u00e9gulation et soin de la peau. Disponible en tailles Double, Queen et King. Offrez-vous le sommeil dont vous r\u00eavez.","breadcrumb":{"@id":"https:\/\/trendymarketz.com\/en\/product\/parure-de-lit-en-soie-de-murier-100-naturelle-douceur-et-confort-absolu\/#breadcrumb"},"inLanguage":"en-US","potentialAction":[{"@type":"ReadAction","target":["https:\/\/trendymarketz.com\/en\/product\/parure-de-lit-en-soie-de-murier-100-naturelle-douceur-et-confort-absolu\/"]}]},{"@type":"ImageObject","inLanguage":"en-US","@id":"https:\/\/trendymarketz.com\/en\/product\/parure-de-lit-en-soie-de-murier-100-naturelle-douceur-et-confort-absolu\/#primaryimage","url":"https:\/\/trendymarketz.com\/wp-content\/uploads\/2025\/01\/accueil-trendymarketz-copie.webp","contentUrl":"https:\/\/trendymarketz.com\/wp-content\/uploads\/2025\/01\/accueil-trendymarketz-copie.webp","width":1680,"height":960,"caption":"accueil-trendymarketz"},{"@type":"BreadcrumbList","@id":"https:\/\/trendymarketz.com\/en\/product\/parure-de-lit-en-soie-de-murier-100-naturelle-douceur-et-confort-absolu\/#breadcrumb","itemListElement":[{"@type":"ListItem","position":1,"name":"Home","item":"https:\/\/trendymarketz.com\/en\/"},{"@type":"ListItem","position":2,"name":"Shop","item":"https:\/\/trendymarketz.com\/boutique\/"},{"@type":"ListItem","position":3,"name":"Parure de Lit en Soie de M\u00fbrier 100% Naturelle &#8211; Douceur et Confort Absolu"}]},{"@type":"WebSite","@id":"https:\/\/trendymarketz.com\/en\/#website","url":"https:\/\/trendymarketz.com\/en\/","name":"Trendy Marketz","description":"","publisher":{"@id":"https:\/\/trendymarketz.com\/en\/#organization"},"potentialAction":[{"@type":"SearchAction","target":{"@type":"EntryPoint","urlTemplate":"https:\/\/trendymarketz.com\/en\/?s={search_term_string}"},"query-input":{"@type":"PropertyValueSpecification","valueRequired":true,"valueName":"search_term_string"}}],"inLanguage":"en-US"},{"@type":"Organization","@id":"https:\/\/trendymarketz.com\/en\/#organization","name":"Trendy Marketz","url":"https:\/\/trendymarketz.com\/en\/","logo":{"@type":"ImageObject","inLanguage":"en-US","@id":"https:\/\/trendymarketz.com\/en\/#\/schema\/logo\/image\/","url":"https:\/\/trendymarketz.com\/wp-content\/uploads\/2023\/11\/Trendy-marketz-logo-696x696-1.png","contentUrl":"https:\/\/trendymarketz.com\/wp-content\/uploads\/2023\/11\/Trendy-marketz-logo-696x696-1.png","width":696,"height":696,"caption":"Trendy Marketz"},"image":{"@id":"https:\/\/trendymarketz.com\/en\/#\/schema\/logo\/image\/"}}]}},"_links":{"self":[{"href":"https:\/\/trendymarketz.com\/en\/wp-json\/wp\/v2\/product\/11668","targetHints":{"allow":["GET"]}}],"collection":[{"href":"https:\/\/trendymarketz.com\/en\/wp-json\/wp\/v2\/product"}],"about":[{"href":"https:\/\/trendymarketz.com\/en\/wp-json\/wp\/v2\/types\/product"}],"version-history":[{"count":0,"href":"https:\/\/trendymarketz.com\/en\/wp-json\/wp\/v2\/product\/11668\/revisions"}],"wp:featuredmedia":[{"embeddable":true,"href":"https:\/\/trendymarketz.com\/en\/wp-json\/wp\/v2\/media\/11666"}],"wp:attachment":[{"href":"https:\/\/trendymarketz.com\/en\/wp-json\/wp\/v2\/media?parent=11668"}],"wp:term":[{"taxonomy":"product_brand","embeddable":true,"href":"https:\/\/trendymarketz.com\/en\/wp-json\/wp\/v2\/product_brand?post=11668"},{"taxonomy":"product_cat","embeddable":true,"href":"https:\/\/trendymarketz.com\/en\/wp-json\/wp\/v2\/product_cat?post=11668"},{"taxonomy":"product_tag","embeddable":true,"href":"https:\/\/trendymarketz.com\/en\/wp-json\/wp\/v2\/product_tag?post=11668"}],"curies":[{"name":"wp","href":"https:\/\/api.w.org\/{rel}","templated":true}]}}