{"id":11582,"date":"2025-01-07T08:19:33","date_gmt":"2025-01-07T08:19:33","guid":{"rendered":"https:\/\/trendymarketz.com\/?post_type=product&#038;p=11582"},"modified":"2025-01-13T07:44:10","modified_gmt":"2025-01-13T07:44:10","slug":"masque-de-nuit-en-soie-de-murier-100-naturelle-douceur-et-confort-absolu","status":"publish","type":"product","link":"https:\/\/trendymarketz.com\/en\/product\/masque-de-nuit-en-soie-de-murier-100-naturelle-douceur-et-confort-absolu\/","title":{"rendered":"Masque de Nuit en Soie de M\u00fbrier 100% Naturelle &#8211; Douceur et Confort Absolu"},"content":{"rendered":"\n","protected":false},"excerpt":{"rendered":"[custom_short_description_content_tab]\n","protected":false},"featured_media":11583,"template":"","meta":{"_acf_changed":false},"product_brand":[],"product_cat":[525],"product_tag":[],"class_list":{"0":"post-11582","1":"product","2":"type-product","3":"status-publish","4":"has-post-thumbnail","6":"product_cat-bien-etre-confort","8":"first","9":"instock","10":"sale","11":"shipping-taxable","12":"purchasable","13":"product-type-variable"},"acf":[],"yoast_head":"<!-- This site is optimized with the Yoast SEO plugin v25.4 - https:\/\/yoast.com\/wordpress\/plugins\/seo\/ -->\n<title>Masque de Nuit en Soie de M\u00fbrier 100% Naturelle - Douceur et Confort Absolu - Trendy Marketz<\/title>\n<meta name=\"description\" content=\"Am\u00e9liorez votre sommeil avec notre masque de nuit en soie naturelle 100% m\u00fbrier. Doux, rembourr\u00e9 et bloquant parfaitement la lumi\u00e8re, il offre un confort optimal pour des nuits r\u00e9paratrices, chez vous ou en voyage.\" \/>\n<meta name=\"robots\" content=\"index, follow, max-snippet:-1, max-image-preview:large, max-video-preview:-1\" \/>\n<link rel=\"canonical\" href=\"https:\/\/trendymarketz.com\/en\/product\/masque-de-nuit-en-soie-de-murier-100-naturelle-douceur-et-confort-absolu\/\" \/>\n<meta property=\"og:locale\" content=\"en_US\" \/>\n<meta property=\"og:type\" content=\"article\" \/>\n<meta property=\"og:title\" content=\"Masque de Nuit en Soie de M\u00fbrier 100% Naturelle - Douceur et Confort Absolu - Trendy Marketz\" \/>\n<meta property=\"og:description\" content=\"Am\u00e9liorez votre sommeil avec notre masque de nuit en soie naturelle 100% m\u00fbrier. Doux, rembourr\u00e9 et bloquant parfaitement la lumi\u00e8re, il offre un confort optimal pour des nuits r\u00e9paratrices, chez vous ou en voyage.\" \/>\n<meta property=\"og:url\" content=\"https:\/\/trendymarketz.com\/en\/product\/masque-de-nuit-en-soie-de-murier-100-naturelle-douceur-et-confort-absolu\/\" \/>\n<meta property=\"og:site_name\" content=\"Trendy Marketz\" \/>\n<meta property=\"article:modified_time\" content=\"2025-01-13T07:44:10+00:00\" \/>\n<meta property=\"og:image\" content=\"https:\/\/trendymarketz.com\/wp-content\/uploads\/2025\/01\/masque-en-soie-de-murier-copie.webp\" \/>\n\t<meta property=\"og:image:width\" content=\"1000\" \/>\n\t<meta property=\"og:image:height\" content=\"1000\" \/>\n\t<meta property=\"og:image:type\" content=\"image\/webp\" \/>\n<meta name=\"twitter:card\" content=\"summary_large_image\" \/>\n<meta name=\"twitter:label1\" content=\"Est. reading time\" \/>\n\t<meta name=\"twitter:data1\" content=\"1 minute\" \/>\n<script type=\"application\/ld+json\" class=\"yoast-schema-graph\">{\"@context\":\"https:\/\/schema.org\",\"@graph\":[{\"@type\":\"WebPage\",\"@id\":\"https:\/\/trendymarketz.com\/en\/product\/masque-de-nuit-en-soie-de-murier-100-naturelle-douceur-et-confort-absolu\/\",\"url\":\"https:\/\/trendymarketz.com\/en\/product\/masque-de-nuit-en-soie-de-murier-100-naturelle-douceur-et-confort-absolu\/\",\"name\":\"Masque de Nuit en Soie de M\u00fbrier 100% Naturelle - Douceur et Confort Absolu - Trendy Marketz\",\"isPartOf\":{\"@id\":\"https:\/\/trendymarketz.com\/en\/#website\"},\"primaryImageOfPage\":{\"@id\":\"https:\/\/trendymarketz.com\/en\/product\/masque-de-nuit-en-soie-de-murier-100-naturelle-douceur-et-confort-absolu\/#primaryimage\"},\"image\":{\"@id\":\"https:\/\/trendymarketz.com\/en\/product\/masque-de-nuit-en-soie-de-murier-100-naturelle-douceur-et-confort-absolu\/#primaryimage\"},\"thumbnailUrl\":\"https:\/\/trendymarketz.com\/wp-content\/uploads\/2025\/01\/masque-en-soie-de-murier-copie.webp\",\"datePublished\":\"2025-01-07T08:19:33+00:00\",\"dateModified\":\"2025-01-13T07:44:10+00:00\",\"description\":\"Am\u00e9liorez votre sommeil avec notre masque de nuit en soie naturelle 100% m\u00fbrier. Doux, rembourr\u00e9 et bloquant parfaitement la lumi\u00e8re, il offre un confort optimal pour des nuits r\u00e9paratrices, chez vous ou en voyage.\",\"breadcrumb\":{\"@id\":\"https:\/\/trendymarketz.com\/en\/product\/masque-de-nuit-en-soie-de-murier-100-naturelle-douceur-et-confort-absolu\/#breadcrumb\"},\"inLanguage\":\"en-US\",\"potentialAction\":[{\"@type\":\"ReadAction\",\"target\":[\"https:\/\/trendymarketz.com\/en\/product\/masque-de-nuit-en-soie-de-murier-100-naturelle-douceur-et-confort-absolu\/\"]}]},{\"@type\":\"ImageObject\",\"inLanguage\":\"en-US\",\"@id\":\"https:\/\/trendymarketz.com\/en\/product\/masque-de-nuit-en-soie-de-murier-100-naturelle-douceur-et-confort-absolu\/#primaryimage\",\"url\":\"https:\/\/trendymarketz.com\/wp-content\/uploads\/2025\/01\/masque-en-soie-de-murier-copie.webp\",\"contentUrl\":\"https:\/\/trendymarketz.com\/wp-content\/uploads\/2025\/01\/masque-en-soie-de-murier-copie.webp\",\"width\":1000,\"height\":1000,\"caption\":\"masque en soie naturelle\"},{\"@type\":\"BreadcrumbList\",\"@id\":\"https:\/\/trendymarketz.com\/en\/product\/masque-de-nuit-en-soie-de-murier-100-naturelle-douceur-et-confort-absolu\/#breadcrumb\",\"itemListElement\":[{\"@type\":\"ListItem\",\"position\":1,\"name\":\"Home\",\"item\":\"https:\/\/trendymarketz.com\/en\/\"},{\"@type\":\"ListItem\",\"position\":2,\"name\":\"Shop\",\"item\":\"https:\/\/trendymarketz.com\/boutique\/\"},{\"@type\":\"ListItem\",\"position\":3,\"name\":\"Masque de Nuit en Soie de M\u00fbrier 100% Naturelle &#8211; Douceur et Confort Absolu\"}]},{\"@type\":\"WebSite\",\"@id\":\"https:\/\/trendymarketz.com\/en\/#website\",\"url\":\"https:\/\/trendymarketz.com\/en\/\",\"name\":\"Trendy Marketz\",\"description\":\"\",\"publisher\":{\"@id\":\"https:\/\/trendymarketz.com\/en\/#organization\"},\"potentialAction\":[{\"@type\":\"SearchAction\",\"target\":{\"@type\":\"EntryPoint\",\"urlTemplate\":\"https:\/\/trendymarketz.com\/en\/?s={search_term_string}\"},\"query-input\":{\"@type\":\"PropertyValueSpecification\",\"valueRequired\":true,\"valueName\":\"search_term_string\"}}],\"inLanguage\":\"en-US\"},{\"@type\":\"Organization\",\"@id\":\"https:\/\/trendymarketz.com\/en\/#organization\",\"name\":\"Trendy Marketz\",\"url\":\"https:\/\/trendymarketz.com\/en\/\",\"logo\":{\"@type\":\"ImageObject\",\"inLanguage\":\"en-US\",\"@id\":\"https:\/\/trendymarketz.com\/en\/#\/schema\/logo\/image\/\",\"url\":\"https:\/\/trendymarketz.com\/wp-content\/uploads\/2023\/11\/Trendy-marketz-logo-696x696-1.png\",\"contentUrl\":\"https:\/\/trendymarketz.com\/wp-content\/uploads\/2023\/11\/Trendy-marketz-logo-696x696-1.png\",\"width\":696,\"height\":696,\"caption\":\"Trendy Marketz\"},\"image\":{\"@id\":\"https:\/\/trendymarketz.com\/en\/#\/schema\/logo\/image\/\"}}]}<\/script>\n<!-- \/ Yoast SEO plugin. -->","yoast_head_json":{"title":"Masque de Nuit en Soie de M\u00fbrier 100% Naturelle - Douceur et Confort Absolu - Trendy Marketz","description":"Am\u00e9liorez votre sommeil avec notre masque de nuit en soie naturelle 100% m\u00fbrier. Doux, rembourr\u00e9 et bloquant parfaitement la lumi\u00e8re, il offre un confort optimal pour des nuits r\u00e9paratrices, chez vous ou en voyage.","robots":{"index":"index","follow":"follow","max-snippet":"max-snippet:-1","max-image-preview":"max-image-preview:large","max-video-preview":"max-video-preview:-1"},"canonical":"https:\/\/trendymarketz.com\/en\/product\/masque-de-nuit-en-soie-de-murier-100-naturelle-douceur-et-confort-absolu\/","og_locale":"en_US","og_type":"article","og_title":"Masque de Nuit en Soie de M\u00fbrier 100% Naturelle - Douceur et Confort Absolu - Trendy Marketz","og_description":"Am\u00e9liorez votre sommeil avec notre masque de nuit en soie naturelle 100% m\u00fbrier. Doux, rembourr\u00e9 et bloquant parfaitement la lumi\u00e8re, il offre un confort optimal pour des nuits r\u00e9paratrices, chez vous ou en voyage.","og_url":"https:\/\/trendymarketz.com\/en\/product\/masque-de-nuit-en-soie-de-murier-100-naturelle-douceur-et-confort-absolu\/","og_site_name":"Trendy Marketz","article_modified_time":"2025-01-13T07:44:10+00:00","og_image":[{"width":1000,"height":1000,"url":"https:\/\/trendymarketz.com\/wp-content\/uploads\/2025\/01\/masque-en-soie-de-murier-copie.webp","type":"image\/webp"}],"twitter_card":"summary_large_image","twitter_misc":{"Est. reading time":"1 minute"},"schema":{"@context":"https:\/\/schema.org","@graph":[{"@type":"WebPage","@id":"https:\/\/trendymarketz.com\/en\/product\/masque-de-nuit-en-soie-de-murier-100-naturelle-douceur-et-confort-absolu\/","url":"https:\/\/trendymarketz.com\/en\/product\/masque-de-nuit-en-soie-de-murier-100-naturelle-douceur-et-confort-absolu\/","name":"Masque de Nuit en Soie de M\u00fbrier 100% Naturelle - Douceur et Confort Absolu - Trendy Marketz","isPartOf":{"@id":"https:\/\/trendymarketz.com\/en\/#website"},"primaryImageOfPage":{"@id":"https:\/\/trendymarketz.com\/en\/product\/masque-de-nuit-en-soie-de-murier-100-naturelle-douceur-et-confort-absolu\/#primaryimage"},"image":{"@id":"https:\/\/trendymarketz.com\/en\/product\/masque-de-nuit-en-soie-de-murier-100-naturelle-douceur-et-confort-absolu\/#primaryimage"},"thumbnailUrl":"https:\/\/trendymarketz.com\/wp-content\/uploads\/2025\/01\/masque-en-soie-de-murier-copie.webp","datePublished":"2025-01-07T08:19:33+00:00","dateModified":"2025-01-13T07:44:10+00:00","description":"Am\u00e9liorez votre sommeil avec notre masque de nuit en soie naturelle 100% m\u00fbrier. Doux, rembourr\u00e9 et bloquant parfaitement la lumi\u00e8re, il offre un confort optimal pour des nuits r\u00e9paratrices, chez vous ou en voyage.","breadcrumb":{"@id":"https:\/\/trendymarketz.com\/en\/product\/masque-de-nuit-en-soie-de-murier-100-naturelle-douceur-et-confort-absolu\/#breadcrumb"},"inLanguage":"en-US","potentialAction":[{"@type":"ReadAction","target":["https:\/\/trendymarketz.com\/en\/product\/masque-de-nuit-en-soie-de-murier-100-naturelle-douceur-et-confort-absolu\/"]}]},{"@type":"ImageObject","inLanguage":"en-US","@id":"https:\/\/trendymarketz.com\/en\/product\/masque-de-nuit-en-soie-de-murier-100-naturelle-douceur-et-confort-absolu\/#primaryimage","url":"https:\/\/trendymarketz.com\/wp-content\/uploads\/2025\/01\/masque-en-soie-de-murier-copie.webp","contentUrl":"https:\/\/trendymarketz.com\/wp-content\/uploads\/2025\/01\/masque-en-soie-de-murier-copie.webp","width":1000,"height":1000,"caption":"masque en soie naturelle"},{"@type":"BreadcrumbList","@id":"https:\/\/trendymarketz.com\/en\/product\/masque-de-nuit-en-soie-de-murier-100-naturelle-douceur-et-confort-absolu\/#breadcrumb","itemListElement":[{"@type":"ListItem","position":1,"name":"Home","item":"https:\/\/trendymarketz.com\/en\/"},{"@type":"ListItem","position":2,"name":"Shop","item":"https:\/\/trendymarketz.com\/boutique\/"},{"@type":"ListItem","position":3,"name":"Masque de Nuit en Soie de M\u00fbrier 100% Naturelle &#8211; Douceur et Confort Absolu"}]},{"@type":"WebSite","@id":"https:\/\/trendymarketz.com\/en\/#website","url":"https:\/\/trendymarketz.com\/en\/","name":"Trendy Marketz","description":"","publisher":{"@id":"https:\/\/trendymarketz.com\/en\/#organization"},"potentialAction":[{"@type":"SearchAction","target":{"@type":"EntryPoint","urlTemplate":"https:\/\/trendymarketz.com\/en\/?s={search_term_string}"},"query-input":{"@type":"PropertyValueSpecification","valueRequired":true,"valueName":"search_term_string"}}],"inLanguage":"en-US"},{"@type":"Organization","@id":"https:\/\/trendymarketz.com\/en\/#organization","name":"Trendy Marketz","url":"https:\/\/trendymarketz.com\/en\/","logo":{"@type":"ImageObject","inLanguage":"en-US","@id":"https:\/\/trendymarketz.com\/en\/#\/schema\/logo\/image\/","url":"https:\/\/trendymarketz.com\/wp-content\/uploads\/2023\/11\/Trendy-marketz-logo-696x696-1.png","contentUrl":"https:\/\/trendymarketz.com\/wp-content\/uploads\/2023\/11\/Trendy-marketz-logo-696x696-1.png","width":696,"height":696,"caption":"Trendy Marketz"},"image":{"@id":"https:\/\/trendymarketz.com\/en\/#\/schema\/logo\/image\/"}}]}},"_links":{"self":[{"href":"https:\/\/trendymarketz.com\/en\/wp-json\/wp\/v2\/product\/11582","targetHints":{"allow":["GET"]}}],"collection":[{"href":"https:\/\/trendymarketz.com\/en\/wp-json\/wp\/v2\/product"}],"about":[{"href":"https:\/\/trendymarketz.com\/en\/wp-json\/wp\/v2\/types\/product"}],"version-history":[{"count":0,"href":"https:\/\/trendymarketz.com\/en\/wp-json\/wp\/v2\/product\/11582\/revisions"}],"wp:featuredmedia":[{"embeddable":true,"href":"https:\/\/trendymarketz.com\/en\/wp-json\/wp\/v2\/media\/11583"}],"wp:attachment":[{"href":"https:\/\/trendymarketz.com\/en\/wp-json\/wp\/v2\/media?parent=11582"}],"wp:term":[{"taxonomy":"product_brand","embeddable":true,"href":"https:\/\/trendymarketz.com\/en\/wp-json\/wp\/v2\/product_brand?post=11582"},{"taxonomy":"product_cat","embeddable":true,"href":"https:\/\/trendymarketz.com\/en\/wp-json\/wp\/v2\/product_cat?post=11582"},{"taxonomy":"product_tag","embeddable":true,"href":"https:\/\/trendymarketz.com\/en\/wp-json\/wp\/v2\/product_tag?post=11582"}],"curies":[{"name":"wp","href":"https:\/\/api.w.org\/{rel}","templated":true}]}}