{"id":11011,"date":"2024-09-11T12:19:36","date_gmt":"2024-09-11T12:19:36","guid":{"rendered":"https:\/\/trendymarketz.com\/?post_type=product&#038;p=11011"},"modified":"2026-04-27T17:23:51","modified_gmt":"2026-04-27T17:23:51","slug":"oreiller-ergonomique-ultraconfort-votre-allie-pour-un-sommeil-reparateur","status":"publish","type":"product","link":"https:\/\/trendymarketz.com\/en\/product\/oreiller-ergonomique-ultraconfort-votre-allie-pour-un-sommeil-reparateur\/","title":{"rendered":"Oreiller Ergonomique UltraConfort\u00ae \u2013 Votre Alli\u00e9 Pour un Sommeil R\u00e9parateur"},"content":{"rendered":"\n","protected":false},"excerpt":{"rendered":"[custom_short_description_content_tab]\n","protected":false},"featured_media":11555,"template":"","meta":{"_acf_changed":false},"product_brand":[],"product_cat":[525],"product_tag":[],"class_list":{"0":"post-11011","1":"product","2":"type-product","3":"status-publish","4":"has-post-thumbnail","6":"product_cat-bien-etre-confort","8":"first","9":"instock","10":"sale","11":"shipping-taxable","12":"purchasable","13":"product-type-variable"},"acf":[],"yoast_head":"<!-- This site is optimized with the Yoast SEO plugin v25.4 - https:\/\/yoast.com\/wordpress\/plugins\/seo\/ -->\n<title>Oreiller Ergonomique UltraConfort\u00ae \u2013 Votre Alli\u00e9 Pour un Sommeil R\u00e9parateur - Trendy Marketz<\/title>\n<meta name=\"description\" content=\"D\u00e9couvrez l&#039;oreiller ergonomique qui soulage vos douleurs cervicales et dorsales. Profitez d&#039;un alignement parfait de la t\u00eate et de la colonne pour un sommeil r\u00e9parateur et une r\u00e9cup\u00e9ration optimale.\" \/>\n<meta name=\"robots\" content=\"index, follow, max-snippet:-1, max-image-preview:large, max-video-preview:-1\" \/>\n<link rel=\"canonical\" href=\"https:\/\/trendymarketz.com\/en\/product\/oreiller-ergonomique-ultraconfort-votre-allie-pour-un-sommeil-reparateur\/\" \/>\n<meta property=\"og:locale\" content=\"en_US\" \/>\n<meta property=\"og:type\" content=\"article\" \/>\n<meta property=\"og:title\" content=\"Oreiller Ergonomique UltraConfort\u00ae \u2013 Votre Alli\u00e9 Pour un Sommeil R\u00e9parateur - Trendy Marketz\" \/>\n<meta property=\"og:description\" content=\"D\u00e9couvrez l&#039;oreiller ergonomique qui soulage vos douleurs cervicales et dorsales. Profitez d&#039;un alignement parfait de la t\u00eate et de la colonne pour un sommeil r\u00e9parateur et une r\u00e9cup\u00e9ration optimale.\" \/>\n<meta property=\"og:url\" content=\"https:\/\/trendymarketz.com\/en\/product\/oreiller-ergonomique-ultraconfort-votre-allie-pour-un-sommeil-reparateur\/\" \/>\n<meta property=\"og:site_name\" content=\"Trendy Marketz\" \/>\n<meta property=\"article:modified_time\" content=\"2026-04-27T17:23:51+00:00\" \/>\n<meta property=\"og:image\" content=\"https:\/\/trendymarketz.com\/wp-content\/uploads\/2025\/01\/Trendy-marketz-Oreiller-Ergonomique-black-scaled.webp\" \/>\n\t<meta property=\"og:image:width\" content=\"2560\" \/>\n\t<meta property=\"og:image:height\" content=\"2560\" \/>\n\t<meta property=\"og:image:type\" content=\"image\/webp\" \/>\n<meta name=\"twitter:card\" content=\"summary_large_image\" \/>\n<meta name=\"twitter:label1\" content=\"Est. reading time\" \/>\n\t<meta name=\"twitter:data1\" content=\"1 minute\" \/>\n<script type=\"application\/ld+json\" class=\"yoast-schema-graph\">{\"@context\":\"https:\/\/schema.org\",\"@graph\":[{\"@type\":\"WebPage\",\"@id\":\"https:\/\/trendymarketz.com\/en\/product\/oreiller-ergonomique-ultraconfort-votre-allie-pour-un-sommeil-reparateur\/\",\"url\":\"https:\/\/trendymarketz.com\/en\/product\/oreiller-ergonomique-ultraconfort-votre-allie-pour-un-sommeil-reparateur\/\",\"name\":\"Oreiller Ergonomique UltraConfort\u00ae \u2013 Votre Alli\u00e9 Pour un Sommeil R\u00e9parateur - Trendy Marketz\",\"isPartOf\":{\"@id\":\"https:\/\/trendymarketz.com\/en\/#website\"},\"primaryImageOfPage\":{\"@id\":\"https:\/\/trendymarketz.com\/en\/product\/oreiller-ergonomique-ultraconfort-votre-allie-pour-un-sommeil-reparateur\/#primaryimage\"},\"image\":{\"@id\":\"https:\/\/trendymarketz.com\/en\/product\/oreiller-ergonomique-ultraconfort-votre-allie-pour-un-sommeil-reparateur\/#primaryimage\"},\"thumbnailUrl\":\"https:\/\/trendymarketz.com\/wp-content\/uploads\/2025\/01\/Trendy-marketz-Oreiller-Ergonomique-black-scaled.webp\",\"datePublished\":\"2024-09-11T12:19:36+00:00\",\"dateModified\":\"2026-04-27T17:23:51+00:00\",\"description\":\"D\u00e9couvrez l'oreiller ergonomique qui soulage vos douleurs cervicales et dorsales. Profitez d'un alignement parfait de la t\u00eate et de la colonne pour un sommeil r\u00e9parateur et une r\u00e9cup\u00e9ration optimale.\",\"breadcrumb\":{\"@id\":\"https:\/\/trendymarketz.com\/en\/product\/oreiller-ergonomique-ultraconfort-votre-allie-pour-un-sommeil-reparateur\/#breadcrumb\"},\"inLanguage\":\"en-US\",\"potentialAction\":[{\"@type\":\"ReadAction\",\"target\":[\"https:\/\/trendymarketz.com\/en\/product\/oreiller-ergonomique-ultraconfort-votre-allie-pour-un-sommeil-reparateur\/\"]}]},{\"@type\":\"ImageObject\",\"inLanguage\":\"en-US\",\"@id\":\"https:\/\/trendymarketz.com\/en\/product\/oreiller-ergonomique-ultraconfort-votre-allie-pour-un-sommeil-reparateur\/#primaryimage\",\"url\":\"https:\/\/trendymarketz.com\/wp-content\/uploads\/2025\/01\/Trendy-marketz-Oreiller-Ergonomique-black-scaled.webp\",\"contentUrl\":\"https:\/\/trendymarketz.com\/wp-content\/uploads\/2025\/01\/Trendy-marketz-Oreiller-Ergonomique-black-scaled.webp\",\"width\":2560,\"height\":2560},{\"@type\":\"BreadcrumbList\",\"@id\":\"https:\/\/trendymarketz.com\/en\/product\/oreiller-ergonomique-ultraconfort-votre-allie-pour-un-sommeil-reparateur\/#breadcrumb\",\"itemListElement\":[{\"@type\":\"ListItem\",\"position\":1,\"name\":\"Home\",\"item\":\"https:\/\/trendymarketz.com\/en\/\"},{\"@type\":\"ListItem\",\"position\":2,\"name\":\"Shop\",\"item\":\"https:\/\/trendymarketz.com\/boutique\/\"},{\"@type\":\"ListItem\",\"position\":3,\"name\":\"Oreiller Ergonomique UltraConfort\u00ae \u2013 Votre Alli\u00e9 Pour un Sommeil R\u00e9parateur\"}]},{\"@type\":\"WebSite\",\"@id\":\"https:\/\/trendymarketz.com\/en\/#website\",\"url\":\"https:\/\/trendymarketz.com\/en\/\",\"name\":\"Trendy Marketz\",\"description\":\"\",\"publisher\":{\"@id\":\"https:\/\/trendymarketz.com\/en\/#organization\"},\"potentialAction\":[{\"@type\":\"SearchAction\",\"target\":{\"@type\":\"EntryPoint\",\"urlTemplate\":\"https:\/\/trendymarketz.com\/en\/?s={search_term_string}\"},\"query-input\":{\"@type\":\"PropertyValueSpecification\",\"valueRequired\":true,\"valueName\":\"search_term_string\"}}],\"inLanguage\":\"en-US\"},{\"@type\":\"Organization\",\"@id\":\"https:\/\/trendymarketz.com\/en\/#organization\",\"name\":\"Trendy Marketz\",\"url\":\"https:\/\/trendymarketz.com\/en\/\",\"logo\":{\"@type\":\"ImageObject\",\"inLanguage\":\"en-US\",\"@id\":\"https:\/\/trendymarketz.com\/en\/#\/schema\/logo\/image\/\",\"url\":\"https:\/\/trendymarketz.com\/wp-content\/uploads\/2023\/11\/Trendy-marketz-logo-696x696-1.png\",\"contentUrl\":\"https:\/\/trendymarketz.com\/wp-content\/uploads\/2023\/11\/Trendy-marketz-logo-696x696-1.png\",\"width\":696,\"height\":696,\"caption\":\"Trendy Marketz\"},\"image\":{\"@id\":\"https:\/\/trendymarketz.com\/en\/#\/schema\/logo\/image\/\"}}]}<\/script>\n<!-- \/ Yoast SEO plugin. -->","yoast_head_json":{"title":"Oreiller Ergonomique UltraConfort\u00ae \u2013 Votre Alli\u00e9 Pour un Sommeil R\u00e9parateur - Trendy Marketz","description":"D\u00e9couvrez l'oreiller ergonomique qui soulage vos douleurs cervicales et dorsales. Profitez d'un alignement parfait de la t\u00eate et de la colonne pour un sommeil r\u00e9parateur et une r\u00e9cup\u00e9ration optimale.","robots":{"index":"index","follow":"follow","max-snippet":"max-snippet:-1","max-image-preview":"max-image-preview:large","max-video-preview":"max-video-preview:-1"},"canonical":"https:\/\/trendymarketz.com\/en\/product\/oreiller-ergonomique-ultraconfort-votre-allie-pour-un-sommeil-reparateur\/","og_locale":"en_US","og_type":"article","og_title":"Oreiller Ergonomique UltraConfort\u00ae \u2013 Votre Alli\u00e9 Pour un Sommeil R\u00e9parateur - Trendy Marketz","og_description":"D\u00e9couvrez l'oreiller ergonomique qui soulage vos douleurs cervicales et dorsales. Profitez d'un alignement parfait de la t\u00eate et de la colonne pour un sommeil r\u00e9parateur et une r\u00e9cup\u00e9ration optimale.","og_url":"https:\/\/trendymarketz.com\/en\/product\/oreiller-ergonomique-ultraconfort-votre-allie-pour-un-sommeil-reparateur\/","og_site_name":"Trendy Marketz","article_modified_time":"2026-04-27T17:23:51+00:00","og_image":[{"width":2560,"height":2560,"url":"https:\/\/trendymarketz.com\/wp-content\/uploads\/2025\/01\/Trendy-marketz-Oreiller-Ergonomique-black-scaled.webp","type":"image\/webp"}],"twitter_card":"summary_large_image","twitter_misc":{"Est. reading time":"1 minute"},"schema":{"@context":"https:\/\/schema.org","@graph":[{"@type":"WebPage","@id":"https:\/\/trendymarketz.com\/en\/product\/oreiller-ergonomique-ultraconfort-votre-allie-pour-un-sommeil-reparateur\/","url":"https:\/\/trendymarketz.com\/en\/product\/oreiller-ergonomique-ultraconfort-votre-allie-pour-un-sommeil-reparateur\/","name":"Oreiller Ergonomique UltraConfort\u00ae \u2013 Votre Alli\u00e9 Pour un Sommeil R\u00e9parateur - Trendy Marketz","isPartOf":{"@id":"https:\/\/trendymarketz.com\/en\/#website"},"primaryImageOfPage":{"@id":"https:\/\/trendymarketz.com\/en\/product\/oreiller-ergonomique-ultraconfort-votre-allie-pour-un-sommeil-reparateur\/#primaryimage"},"image":{"@id":"https:\/\/trendymarketz.com\/en\/product\/oreiller-ergonomique-ultraconfort-votre-allie-pour-un-sommeil-reparateur\/#primaryimage"},"thumbnailUrl":"https:\/\/trendymarketz.com\/wp-content\/uploads\/2025\/01\/Trendy-marketz-Oreiller-Ergonomique-black-scaled.webp","datePublished":"2024-09-11T12:19:36+00:00","dateModified":"2026-04-27T17:23:51+00:00","description":"D\u00e9couvrez l'oreiller ergonomique qui soulage vos douleurs cervicales et dorsales. Profitez d'un alignement parfait de la t\u00eate et de la colonne pour un sommeil r\u00e9parateur et une r\u00e9cup\u00e9ration optimale.","breadcrumb":{"@id":"https:\/\/trendymarketz.com\/en\/product\/oreiller-ergonomique-ultraconfort-votre-allie-pour-un-sommeil-reparateur\/#breadcrumb"},"inLanguage":"en-US","potentialAction":[{"@type":"ReadAction","target":["https:\/\/trendymarketz.com\/en\/product\/oreiller-ergonomique-ultraconfort-votre-allie-pour-un-sommeil-reparateur\/"]}]},{"@type":"ImageObject","inLanguage":"en-US","@id":"https:\/\/trendymarketz.com\/en\/product\/oreiller-ergonomique-ultraconfort-votre-allie-pour-un-sommeil-reparateur\/#primaryimage","url":"https:\/\/trendymarketz.com\/wp-content\/uploads\/2025\/01\/Trendy-marketz-Oreiller-Ergonomique-black-scaled.webp","contentUrl":"https:\/\/trendymarketz.com\/wp-content\/uploads\/2025\/01\/Trendy-marketz-Oreiller-Ergonomique-black-scaled.webp","width":2560,"height":2560},{"@type":"BreadcrumbList","@id":"https:\/\/trendymarketz.com\/en\/product\/oreiller-ergonomique-ultraconfort-votre-allie-pour-un-sommeil-reparateur\/#breadcrumb","itemListElement":[{"@type":"ListItem","position":1,"name":"Home","item":"https:\/\/trendymarketz.com\/en\/"},{"@type":"ListItem","position":2,"name":"Shop","item":"https:\/\/trendymarketz.com\/boutique\/"},{"@type":"ListItem","position":3,"name":"Oreiller Ergonomique UltraConfort\u00ae \u2013 Votre Alli\u00e9 Pour un Sommeil R\u00e9parateur"}]},{"@type":"WebSite","@id":"https:\/\/trendymarketz.com\/en\/#website","url":"https:\/\/trendymarketz.com\/en\/","name":"Trendy Marketz","description":"","publisher":{"@id":"https:\/\/trendymarketz.com\/en\/#organization"},"potentialAction":[{"@type":"SearchAction","target":{"@type":"EntryPoint","urlTemplate":"https:\/\/trendymarketz.com\/en\/?s={search_term_string}"},"query-input":{"@type":"PropertyValueSpecification","valueRequired":true,"valueName":"search_term_string"}}],"inLanguage":"en-US"},{"@type":"Organization","@id":"https:\/\/trendymarketz.com\/en\/#organization","name":"Trendy Marketz","url":"https:\/\/trendymarketz.com\/en\/","logo":{"@type":"ImageObject","inLanguage":"en-US","@id":"https:\/\/trendymarketz.com\/en\/#\/schema\/logo\/image\/","url":"https:\/\/trendymarketz.com\/wp-content\/uploads\/2023\/11\/Trendy-marketz-logo-696x696-1.png","contentUrl":"https:\/\/trendymarketz.com\/wp-content\/uploads\/2023\/11\/Trendy-marketz-logo-696x696-1.png","width":696,"height":696,"caption":"Trendy Marketz"},"image":{"@id":"https:\/\/trendymarketz.com\/en\/#\/schema\/logo\/image\/"}}]}},"_links":{"self":[{"href":"https:\/\/trendymarketz.com\/en\/wp-json\/wp\/v2\/product\/11011","targetHints":{"allow":["GET"]}}],"collection":[{"href":"https:\/\/trendymarketz.com\/en\/wp-json\/wp\/v2\/product"}],"about":[{"href":"https:\/\/trendymarketz.com\/en\/wp-json\/wp\/v2\/types\/product"}],"version-history":[{"count":0,"href":"https:\/\/trendymarketz.com\/en\/wp-json\/wp\/v2\/product\/11011\/revisions"}],"wp:featuredmedia":[{"embeddable":true,"href":"https:\/\/trendymarketz.com\/en\/wp-json\/wp\/v2\/media\/11555"}],"wp:attachment":[{"href":"https:\/\/trendymarketz.com\/en\/wp-json\/wp\/v2\/media?parent=11011"}],"wp:term":[{"taxonomy":"product_brand","embeddable":true,"href":"https:\/\/trendymarketz.com\/en\/wp-json\/wp\/v2\/product_brand?post=11011"},{"taxonomy":"product_cat","embeddable":true,"href":"https:\/\/trendymarketz.com\/en\/wp-json\/wp\/v2\/product_cat?post=11011"},{"taxonomy":"product_tag","embeddable":true,"href":"https:\/\/trendymarketz.com\/en\/wp-json\/wp\/v2\/product_tag?post=11011"}],"curies":[{"name":"wp","href":"https:\/\/api.w.org\/{rel}","templated":true}]}}